{"id":3618,"date":"2025-10-17T17:51:53","date_gmt":"2025-10-17T15:51:53","guid":{"rendered":"https:\/\/www.adexpartners.com\/?page_id=3618"},"modified":"2025-10-17T17:51:53","modified_gmt":"2025-10-17T15:51:53","slug":"declaration-on-accessibility","status":"publish","type":"page","link":"https:\/\/www.adexpartners.com\/en\/erklaerung-zur-barrierefreiheit\/","title":{"rendered":"Accessibility Statement"},"content":{"rendered":"<h1>Accessibility Statement<\/h1>\n\t<p>AdEx Partners firmly believes that digital participation is a fundamental building block for equal opportunities, diversity, and inclusion. Therefore, our goal is to design our website in such a way that it is accessible and usable for as many people as possible \u2013 regardless of individual limitations or the technologies used.<\/p>\n<p class=\"translation-block\">We adhere to the international <strong>Web Content Accessibility Guidelines (WCAG) 2.1<\/strong>, in particular <strong>conformity level AA<\/strong>, and are gradually implementing measures to comply with these guidelines. In doing so, we aim to ensure that our content is understandable, perceivable, operable, and robust \u2013 for everyone.<\/p>\n<p><strong>What we are already doing<\/strong><\/p>\n<ul>\n<li>We pay attention to <strong>sufficient color contrasts, clear navigation<\/strong> and a <strong>structured heading hierarchy<\/strong>.<\/li>\n<li class=\"translation-block\">Our page templates are designed to be accessible using a <strong>keyboard, screen readers, and other assistive technologies<\/strong>.<\/li>\n<li class=\"translation-block\"><strong>Images<\/strong> are provided with <strong>alternative text<\/strong>, and videos are provided with transcripts or subtitles where necessary.<\/li>\n<li class=\"translation-block\">We rely on <strong>responsive design<\/strong> to ensure that content is easily accessible on different devices.<\/li>\n<\/ul>\n<strong>Where we can still improve<\/strong><br \/>\nAccessibility is an ongoing process. Although we strive to achieve the highest possible level of accessibility, it is possible that some content or functions are not yet fully accessible. We are working to improve this continuously.\n<strong>Contact<\/strong><br \/>\nIf you encounter any barriers or have any suggestions for improving accessibility, we would appreciate your feedback: <a href=\"mailto:home@adexpartners.com\">home@adexpartners.com<\/a>\n<p>Together, we want to create a digital environment that is open to everyone.<\/p>","protected":false},"excerpt":{"rendered":"<p>Erkl\u00e4rung zur Barrierefreiheit AdEx Partners ist davon \u00fcberzeugt, dass digitale Teilhabe ein grundlegender Baustein f\u00fcr Chancengleichheit, Diversit\u00e4t und Inklusion ist. Daher ist es unser Ziel, unsere Website so zu gestalten, dass sie f\u00fcr m\u00f6glichst viele Menschen zug\u00e4nglich und nutzbar ist &#8211; unabh\u00e4ngig von individuellen Einschr\u00e4nkungen oder eingesetzten Technologien. Wir orientieren uns an den internationalen Web [&hellip;]<\/p>\n","protected":false},"author":5,"featured_media":3055,"parent":0,"menu_order":0,"comment_status":"closed","ping_status":"closed","template":"","meta":{"_acf_changed":false,"footnotes":""},"class_list":["post-3618","page","type-page","status-publish","has-post-thumbnail","hentry"],"blocksy_meta":[],"acf":[],"_links":{"self":[{"href":"https:\/\/www.adexpartners.com\/en\/wp-json\/wp\/v2\/pages\/3618","targetHints":{"allow":["GET"]}}],"collection":[{"href":"https:\/\/www.adexpartners.com\/en\/wp-json\/wp\/v2\/pages"}],"about":[{"href":"https:\/\/www.adexpartners.com\/en\/wp-json\/wp\/v2\/types\/page"}],"author":[{"embeddable":true,"href":"https:\/\/www.adexpartners.com\/en\/wp-json\/wp\/v2\/users\/5"}],"replies":[{"embeddable":true,"href":"https:\/\/www.adexpartners.com\/en\/wp-json\/wp\/v2\/comments?post=3618"}],"version-history":[{"count":3,"href":"https:\/\/www.adexpartners.com\/en\/wp-json\/wp\/v2\/pages\/3618\/revisions"}],"predecessor-version":[{"id":3624,"href":"https:\/\/www.adexpartners.com\/en\/wp-json\/wp\/v2\/pages\/3618\/revisions\/3624"}],"wp:featuredmedia":[{"embeddable":true,"href":"https:\/\/www.adexpartners.com\/en\/wp-json\/wp\/v2\/media\/3055"}],"wp:attachment":[{"href":"https:\/\/www.adexpartners.com\/en\/wp-json\/wp\/v2\/media?parent=3618"}],"curies":[{"name":"wp","href":"https:\/\/api.w.org\/{rel}","templated":true}]}}