{"id":447,"date":"2025-06-13T22:30:04","date_gmt":"2025-06-13T20:30:04","guid":{"rendered":"https:\/\/www.adexpartners.com\/?page_id=447"},"modified":"2026-03-09T12:16:51","modified_gmt":"2026-03-09T11:16:51","slug":"corporate-responsibility-esg","status":"publish","type":"page","link":"https:\/\/www.adexpartners.com\/en\/about-us\/corporate-responsibility-esg\/","title":{"rendered":"Corporate Responsibility"},"content":{"rendered":"<h6>Stronger Together: our Accountability<br \/>\nfor a better Future<\/h6>\n<h1>Corporate Responsibility &amp; ESG<\/h1>\n\n<p>At AdEx Partners, we are committed to a more inclusive, sustainable, and people-friendly digital world. On this page, you can learn more about our commitment to corporate responsibility and ESG.<\/p>\n\t<ul>\n<li><a href=\"#reporting\">ESG Reporting<\/a><\/li>\n<li><a href=\"#purpose\">Purpose<\/a><\/li>\n<li><a href=\"#people\">People<\/a><\/li>\n<li><a href=\"#planet\">Planet<\/a><\/li>\n<\/ul>\n\t\t\t\t<img decoding=\"async\" src=\"https:\/\/www.adexpartners.com\/wp-content\/uploads\/AdEx_Partners_Herz.png\" alt=\"AdEx_Partners_Heart\" itemprop=\"image\" height=\"700\" width=\"800\" title=\"AdEx_Partners_Heart\" onerror=\"this.style.display='none'\" loading=\"lazy\" \/>\n\t\t\t<a href=\"\" target=\"_self\">\n\t\t\t\t\t\t\t+\n\t\t\t\t\t<\/a>\n\t<h6>Our Engagement for Corporate Responsibility and ESG<\/h6>\n<h2>Purpose. People. Planet.<\/h2>\n\t\t\t\t<img decoding=\"async\" src=\"https:\/\/www.adexpartners.com\/wp-content\/uploads\/AdEx_Partners_CSR_Team-800x800.jpg\" alt=\"AdEx_Partners_CSR_Team\" itemprop=\"image\" height=\"800\" width=\"800\" title=\"AdEx_Partners_CSR_Team\" onerror=\"this.style.display='none'\" loading=\"lazy\" \/>\n\t<p>Our CR-\/ESG-Team (f.l.t.r.): Timo Str\u00f6bel, Mayssane Boudi, Stefanie H\u00e4mmerl, Joscha Markowz and Thomas Hirt<\/p>\n\t<p>At AdEx Partners, we believe that true transformation starts with responsibility. Our commitment to corporate responsibility and ESG has a deeper meaning: We aim to shape a future where business success goes hand in hand with social and environmental progress.<\/p>\n<p>We take pride in what we have achieved so far. For us, digital inclusion is not a privilege but a fundamental right for everyone.<\/p>\n<p>Our colleagues are at the heart of everything we do. Guided by our values, we create a work environment where everyone can contribute to real change. A sustainable future requires collaboration, innovation, and above all, humility.<\/p>\n<p>There is still much to be done. That\u2019s why we continuously learn and improve. This allows us to be even more effective. Together, we are shaping a more inclusive, sustainable and human-centered digital world.<\/p>\n<p><strong><em>Timo Str\u00f6bel, Partner &amp; CSR Lead<\/em><\/strong><\/p>\n<h2  id=\"reporting\">\n\t\t\tWe take Responsibility for a Future Worth Living\t<\/h2>\n\t<p>At AdEx Partners, sustainability and responsible business practices are at the core of our actions. We understand that organizations have a significant impact on society and the environment. Therefore, we are committed to ensuring that our business operations meet the highest ethical, social and environmental standards.<\/p>\n<p>AdEx Partners is proud participant of <strong>United Nations Global Compact (UNGC)<\/strong>. We align ourselves with its 10 principles, as well as the <strong>Sustainable Development Goals (SDGs)<\/strong>. You can find our UNGC participant page, including our latest progress report <a href=\"https:\/\/unglobalcompact.org\/what-is-gc\/participants\/139110-AdEx-Partners\" target=\"_blank\" rel=\"noopener\">here<\/a>.<\/p>\n<p>We are committed to transparency and continuously improving our ESG performance through platforms like EcoVadis and Integrity Next.<\/p>\n\t\t\t\t<img decoding=\"async\" src=\"https:\/\/www.adexpartners.com\/wp-content\/uploads\/Endorser-Logo_solid_blue_RGB-300x300.png\" alt=\"Endorser-Logo_solid_blue_RGB\" itemprop=\"image\" height=\"300\" width=\"300\" title=\"Endorser-Logo_solid_blue_RGB\" onerror=\"this.style.display='none'\" loading=\"lazy\" \/>\n\t\t\t\t<img decoding=\"async\" src=\"https:\/\/www.adexpartners.com\/wp-content\/uploads\/ecovadis-bronze-medaille-2024-300x300.png\" alt=\"ecovadis bronze medal 2024\" itemprop=\"image\" height=\"300\" width=\"300\" title=\"ecovadis bronze medal 2024\" onerror=\"this.style.display='none'\" loading=\"lazy\" \/>\n\t\t\t\t<img decoding=\"async\" src=\"https:\/\/www.adexpartners.com\/wp-content\/uploads\/Integrity-Next.png\" alt=\"Integrity Next\" itemprop=\"image\" height=\"186\" width=\"360\" title=\"Integrity Next\" onerror=\"this.style.display='none'\" loading=\"lazy\" \/>\n\t\t\t\t<img decoding=\"async\" src=\"https:\/\/www.adexpartners.com\/wp-content\/uploads\/ESG-Advantage.png\" alt=\"ESG Advantage\" itemprop=\"image\" height=\"400\" width=\"563\" title=\"ESG Advantage\" onerror=\"this.style.display='none'\" loading=\"lazy\" \/>\n\t<h2>Key ESG Figures for 2024<\/h2>\n\t\t121\n\t\t\t\t\tTage in pro bono-Beratung investiert\n\t\t19\n\t\t\t\t\tNationalit\u00e4ten bei AdEx Partners\n\t\t45\n\t\t\t\t\tDurchschnittlicher Net Promoter Score der Mitarbeitenden\n\t\t19%\n\t\t\t\t\tGeschlechtervielfalt in der Belegschaft\n\t\t\t<a href=\"https:\/\/eur02.safelinks.protection.outlook.com\/?url=https%3A%2F%2Fecovadis.com%2F&#038;data=05%7C02%7Cevelyn.back%40adexpartners.com%7Cece92b7646f543ef10aa08ddce93b0a3%7C67e3ce4b565c4283bfd957bd73f6f901%7C0%7C0%7C638893855925024198%7CUnknown%7CTWFpbGZsb3d8eyJFbXB0eU1hcGkiOnRydWUsIlYiOiIwLjAuMDAwMCIsIlAiOiJXaW4zMiIsIkFOIjoiTWFpbCIsIldUIjoyfQ%3D%3D%7C0%7C%7C%7C&#038;sdata=viLnwTiLv6kcpIdEE0I5c4%2FoIPLq4m0KiKol8RX1fWE%3D&#038;reserved=0\" target=\"_blank\" rel=\"noopener\">\n\t\t\t\t\t\t\tRequest EcoVadis Assessment\n\t\t\t\t\t<\/a>\n\t\t\t<a href=\"https:\/\/www.adexpartners.com\/wp-content\/uploads\/AdEx-Partners_ESG-Guidelines.pdf\" target=\"_blank\" rel=\"noopener\">\n\t\t\t\t\t\t\tAdEx Partners ESG-Policy\n\t\t\t\t\t<\/a>\n\t\t\t<a href=\"https:\/\/www.adexpartners.com\/wp-content\/uploads\/AdEx-Supplier-Code-of-Conduct_signed.pdf\" target=\"_blank\" rel=\"noopener\">\n\t\t\t\t\t\t\tSupplier Code of Conduct\n\t\t\t\t\t<\/a>\n\t<h6>Purpose<\/h6>\n<h2>With Purpose and Meaning: Together for a Humane Future<\/h2>\n<p>&nbsp;<\/p>\n<h3>Pro Bono Consulting in long-term Projects<\/h3>\n\t\t\t\t<img decoding=\"async\" src=\"https:\/\/www.adexpartners.com\/wp-content\/uploads\/humedica_hilfe_international_farbig_logo-800x356.jpg\" alt=\"logo_humedica_help_international.indd\" itemprop=\"image\" height=\"356\" width=\"800\" title=\"logo_humedica_help_international.indd\" onerror=\"this.style.display='none'\" loading=\"lazy\" \/>\n\t<p>Over three years, AdEx Partners provided support for <a href=\"https:\/\/humedica.org\/de\" target=\"_blank\" rel=\"noopener\">Humedica e.V.<\/a>, a global aid organization, in its digital transformation. We implemented modern ERP and CRM systems to make project management, fundraising and logistics more efficient.<\/p>\n\t\t\t\t<img decoding=\"async\" src=\"https:\/\/www.adexpartners.com\/wp-content\/uploads\/Tafel_Logo_1200.png\" alt=\"Board_Logo_1200\" itemprop=\"image\" title=\"Board_Logo_1200\" onerror=\"this.style.display='none'\" loading=\"lazy\" \/>\n\t<p>From 2017 to 2022, we accompanied <a href=\"https:\/\/www.tafel.de\/\" target=\"_blank\" rel=\"noopener\">Tafel Deutschland e.V.<\/a> bei der Digitalisierung von Lebensmittelrettung und -verteilung &#8211; und gewannen damit den \u201eBest of Consulting&#8220;-Award.<\/p>\n\t\t\t\t<img decoding=\"async\" src=\"https:\/\/www.adexpartners.com\/wp-content\/uploads\/nourenergy-logo-800x351.png\" alt=\"nourenergy logo\" itemprop=\"image\" height=\"351\" width=\"800\" title=\"nourenergy logo\" onerror=\"this.style.display='none'\" loading=\"lazy\" \/>\n\t<p>Since 2022, we have been offering pro bono consulting services to the Muslim organization <a href=\"https:\/\/www.nour-energy.com\/\" target=\"_blank\" rel=\"noopener\">NourEnergy e.V.<\/a> . We develop a strategic plan and implement it together.<\/p>\n<h3>\n\t\t\tAdEx Partners Digital Bootcamps\t<\/h3>\n\t\t\t\t<?xml version=\"1.0\" encoding=\"UTF-8\"?>\t\t\t\n\t<p>Digital participation is not a privilege! As a shared responsibility, it must be inclusive in an increasingly technology-driven world. Our bootcamps are a vibrant expression of this commitment: So far, we have shared our expertise, methods, time and trust with over 40 non-profit organizations, social enterprises, and foundations in Germany and Switzerland. Additionally, to support outstanding social enterprises, we are proud partners and sponsors of Ashoka.<\/p>\n\t\t\t<a href=\"https:\/\/www.adexpartners.com\/en\/cr-esg\/apply-now-for-the-adex-digital-bootcamp-in-leipzig\/\" target=\"_blank\" rel=\"noopener\">\n\t\t\t\t\t\t\tMore Information\n\t\t\t\t\t<\/a>\n\t\t\t\t<img decoding=\"async\" src=\"https:\/\/www.adexpartners.com\/wp-content\/uploads\/Ashoka-Logo-alta-def.png-300x300.webp\" alt=\"Ashoka-Logo-alta-def.png\" itemprop=\"image\" height=\"300\" width=\"300\" title=\"Ashoka-Logo-alta-def.png\" onerror=\"this.style.display='none'\" loading=\"lazy\" \/>\n\t\t\t\t<img decoding=\"async\" src=\"https:\/\/www.adexpartners.com\/wp-content\/uploads\/WSFoundation_GREY_rgb-1_LOGO-300x300.png\" alt=\"WSFoundation_GREY_rgb 1_LOGO\" itemprop=\"image\" height=\"300\" width=\"300\" title=\"WSFoundation_GREY_rgb 1_LOGO\" onerror=\"this.style.display='none'\" loading=\"lazy\" \/>\n\t\t\t\t<img decoding=\"async\" src=\"https:\/\/www.adexpartners.com\/wp-content\/uploads\/munevo_logo-800x570.png\" alt=\"munevo_logo\" itemprop=\"image\" height=\"570\" width=\"800\" title=\"munevo_logo\" onerror=\"this.style.display='none'\" loading=\"lazy\" \/>\n\t\t\t\t<img decoding=\"async\" src=\"https:\/\/www.adexpartners.com\/wp-content\/uploads\/Logo-SC-Secondary-color-300x300.jpg\" alt=\"Logo - SC (Secondary - colour)\" itemprop=\"image\" height=\"300\" width=\"300\" title=\"Logo - SC (Secondary - colour)\" onerror=\"this.style.display='none'\" loading=\"lazy\" \/>\n\t\t\t\t<img decoding=\"async\" src=\"https:\/\/www.adexpartners.com\/wp-content\/uploads\/FemaleFinanceForum_Logo_2A_RGB-800x487.jpg\" alt=\"FemaleFinanceForum_Logo_2A_RGB\" itemprop=\"image\" height=\"487\" width=\"800\" title=\"FemaleFinanceForum_Logo_2A_RGB\" onerror=\"this.style.display='none'\" loading=\"lazy\" \/>\n\t\t\t\t<img decoding=\"async\" src=\"https:\/\/www.adexpartners.com\/wp-content\/uploads\/Un-Label-300x300.jpg\" alt=\"Un-Label\" itemprop=\"image\" height=\"300\" width=\"300\" title=\"Un-Label\" onerror=\"this.style.display='none'\" loading=\"lazy\" \/>\n\t\t\t\t<img decoding=\"async\" src=\"https:\/\/www.adexpartners.com\/wp-content\/uploads\/micha-logo-uebergang-rgb-l-800x413.jpg\" alt=\"micha-logo-uebergang-rgb-l\" itemprop=\"image\" height=\"413\" width=\"800\" title=\"micha-logo-uebergang-rgb-l\" onerror=\"this.style.display='none'\" loading=\"lazy\" \/>\n\t\t\t\t<img decoding=\"async\" src=\"https:\/\/www.adexpartners.com\/wp-content\/uploads\/Leuchtturm_Hamburg_RGB-800x321.jpg\" alt=\"Lighthouse_Hamburg_RGB\" itemprop=\"image\" height=\"321\" width=\"800\" title=\"Lighthouse_Hamburg_RGB\" onerror=\"this.style.display='none'\" loading=\"lazy\" \/>\n\t\t\t\t<img decoding=\"async\" src=\"https:\/\/www.adexpartners.com\/wp-content\/uploads\/Fase-logo-full-color-1-800x301.png\" alt=\"Fase-logo-full-colour\" itemprop=\"image\" height=\"301\" width=\"800\" title=\"Fase-logo-full-colour\" onerror=\"this.style.display='none'\" loading=\"lazy\" \/>\n\t\t\t\t<img decoding=\"async\" src=\"https:\/\/www.adexpartners.com\/wp-content\/uploads\/Tearfund_GLOBAL_LOGO_DEUTSCHLAND_CMYK_AW-800x379.jpg\" alt=\"Tearfund_GLOBAL_LOGO_(GERMANY)_CMYK_AW\" itemprop=\"image\" height=\"379\" width=\"800\" title=\"Tearfund_GLOBAL_LOGO_(GERMANY)_CMYK_AW\" onerror=\"this.style.display='none'\" loading=\"lazy\" \/>\n\t\t\t\t<img decoding=\"async\" src=\"https:\/\/www.adexpartners.com\/wp-content\/uploads\/Logo-helperNet-final-website-800x308.png\" alt=\"Logo-helperNet-final-website\" itemprop=\"image\" height=\"308\" width=\"800\" title=\"Logo-helperNet-final-website\" onerror=\"this.style.display='none'\" loading=\"lazy\" \/>\n\t\t\t\t<img decoding=\"async\" src=\"https:\/\/www.adexpartners.com\/wp-content\/uploads\/Integreater-Logo-B@2x-800x172.png\" alt=\"Integreater-Logo-B@2x\" itemprop=\"image\" height=\"172\" width=\"800\" title=\"Integreater-Logo-B@2x\" onerror=\"this.style.display='none'\" loading=\"lazy\" \/>\n\t\t\t\t<img decoding=\"async\" src=\"https:\/\/www.adexpartners.com\/wp-content\/uploads\/Euforia_Logo_loop.gif\" alt=\"Euforia_Logo_loop\" itemprop=\"image\" height=\"160\" width=\"400\" title=\"Euforia_Logo_loop\" onerror=\"this.style.display='none'\" loading=\"lazy\" \/>\n\t\t\t\t<img decoding=\"async\" src=\"https:\/\/www.adexpartners.com\/wp-content\/uploads\/T4G_Logo_mit-Schriftzug_weisser-Hintergrund_gross-800x245.png\" alt=\"T4G_logo_with_lettering_white_background_large\" itemprop=\"image\" height=\"245\" width=\"800\" title=\"T4G_logo_with_lettering_white_background_large\" onerror=\"this.style.display='none'\" loading=\"lazy\" \/>\n\t\t\t\t<img decoding=\"async\" src=\"https:\/\/www.adexpartners.com\/wp-content\/uploads\/logo-co2online-print-800x303.jpg\" alt=\"logo-co2online-print\" itemprop=\"image\" height=\"303\" width=\"800\" title=\"logo-co2online-print\" onerror=\"this.style.display='none'\" loading=\"lazy\" \/>\n\t\t\t\t<img decoding=\"async\" src=\"https:\/\/www.adexpartners.com\/wp-content\/uploads\/insitut-fuer-inklusive-bildung.png\" alt=\"institute for inclusive education\" itemprop=\"image\" height=\"192\" width=\"480\" title=\"institute for inclusive education\" onerror=\"this.style.display='none'\" loading=\"lazy\" \/>\n\t\t\t\t<img decoding=\"async\" src=\"https:\/\/www.adexpartners.com\/wp-content\/uploads\/dms_logo.png\" alt=\"dms_logo\" itemprop=\"image\" height=\"242\" width=\"262\" title=\"dms_logo\" onerror=\"this.style.display='none'\" loading=\"lazy\" \/>\n\t\t\t\t<img decoding=\"async\" src=\"https:\/\/www.adexpartners.com\/wp-content\/uploads\/Social-Impact-Logo-800x236.png\" alt=\"Social Impact Logo\" itemprop=\"image\" height=\"236\" width=\"800\" title=\"Social Impact Logo\" onerror=\"this.style.display='none'\" loading=\"lazy\" \/>\n\t\t\t\t<img decoding=\"async\" src=\"https:\/\/www.adexpartners.com\/wp-content\/uploads\/Logo_Sonophilia-Foundation_Logo-1.png\" alt=\"Logo_Sonophilia Foundation_Logo (1)\" itemprop=\"image\" title=\"Logo_Sonophilia Foundation_Logo (1)\" onerror=\"this.style.display='none'\" loading=\"lazy\" \/>\n\t\t\t\t<img decoding=\"async\" src=\"https:\/\/www.adexpartners.com\/wp-content\/uploads\/IMW_Logo_all_black_RGB-800x361.png\" alt=\"IMW_Logo_all_black_RGB\" itemprop=\"image\" height=\"361\" width=\"800\" title=\"IMW_Logo_all_black_RGB\" onerror=\"this.style.display='none'\" loading=\"lazy\" \/>\n\t\t\t\t<img decoding=\"async\" src=\"https:\/\/www.adexpartners.com\/wp-content\/uploads\/Acker-eV-Logo.webp\" alt=\"Acker eV Logo\" itemprop=\"image\" height=\"164\" width=\"300\" title=\"Acker eV Logo\" onerror=\"this.style.display='none'\" loading=\"lazy\" \/>\n\t\t\t\t<img decoding=\"async\" src=\"https:\/\/www.adexpartners.com\/wp-content\/uploads\/Save-the-Children-logo.png\" alt=\"Save the Children logo\" itemprop=\"image\" height=\"122\" width=\"470\" title=\"Save the Children logo\" onerror=\"this.style.display='none'\" loading=\"lazy\" \/>\n\t\t\t\t<img decoding=\"async\" src=\"https:\/\/www.adexpartners.com\/wp-content\/uploads\/Logo_School4Life-800x214.png\" alt=\"Logo_School4Life\" itemprop=\"image\" height=\"214\" width=\"800\" title=\"Logo_School4Life\" onerror=\"this.style.display='none'\" loading=\"lazy\" \/>\n\t\t\t\t<img decoding=\"async\" src=\"https:\/\/www.adexpartners.com\/wp-content\/uploads\/humedica_hilfe_international_farbig_logo-1-800x356.jpg\" alt=\"logo_humedica_help_international.indd\" itemprop=\"image\" height=\"356\" width=\"800\" title=\"logo_humedica_help_international.indd\" onerror=\"this.style.display='none'\" loading=\"lazy\" \/>\n\t\t\t\t<img decoding=\"async\" src=\"https:\/\/www.adexpartners.com\/wp-content\/uploads\/110517_Logo_VaetergGmbH_Claim.jpg\" alt=\"110517_Logo_VaetergGmbH_Claim\" itemprop=\"image\" height=\"273\" width=\"273\" title=\"110517_Logo_VaetergGmbH_Claim\" onerror=\"this.style.display='none'\" loading=\"lazy\" \/>\n\t\t\t\t<img decoding=\"async\" src=\"https:\/\/www.adexpartners.com\/wp-content\/uploads\/Retoura_Logo_RGB_01-800x412.png\" alt=\"Retoura_Logo_RGB_01\" itemprop=\"image\" height=\"412\" width=\"800\" title=\"Retoura_Logo_RGB_01\" onerror=\"this.style.display='none'\" loading=\"lazy\" \/>\n\t\t\t\t<img decoding=\"async\" src=\"https:\/\/www.adexpartners.com\/wp-content\/uploads\/Logo_MeinHerzLacht_Claim_4c@2x-800x240.png\" alt=\"Logo_MyHeartLaughs_Claim_4c@2x\" itemprop=\"image\" height=\"240\" width=\"800\" title=\"Logo_MyHeartLaughs_Claim_4c@2x\" onerror=\"this.style.display='none'\" loading=\"lazy\" \/>\n\t\t\t\t<img decoding=\"async\" src=\"https:\/\/www.adexpartners.com\/wp-content\/uploads\/Helvetas-Logo.png\" alt=\"Helvetas Logo\" itemprop=\"image\" height=\"146\" width=\"438\" title=\"Helvetas Logo\" onerror=\"this.style.display='none'\" loading=\"lazy\" \/>\n\t\t\t\t<img decoding=\"async\" src=\"https:\/\/www.adexpartners.com\/wp-content\/uploads\/Klein-SBW_Logo_4c-Kopie.png\" alt=\"Small (SBW_Logo_4c - copy)\" itemprop=\"image\" height=\"169\" width=\"320\" title=\"Small (SBW_Logo_4c - copy)\" onerror=\"this.style.display='none'\" loading=\"lazy\" \/>\n\t\t\t\t<img decoding=\"async\" src=\"https:\/\/www.adexpartners.com\/wp-content\/uploads\/regionalwert-AG.jpg\" alt=\"regionalwert AG\" itemprop=\"image\" height=\"232\" width=\"440\" title=\"regionalwert AG\" onerror=\"this.style.display='none'\" loading=\"lazy\" \/>\n\t\t\t\t<img decoding=\"async\" src=\"https:\/\/www.adexpartners.com\/wp-content\/uploads\/logo_ipt.png\" alt=\"logo_ipt\" itemprop=\"image\" height=\"310\" width=\"400\" title=\"logo_ipt\" onerror=\"this.style.display='none'\" loading=\"lazy\" \/>\n\t\t\t\t<img decoding=\"async\" src=\"https:\/\/www.adexpartners.com\/wp-content\/uploads\/HateAid_Logo_dark_BG1-800x538.png\" alt=\"HateAid_Logo_dark_BG(1)\" itemprop=\"image\" height=\"538\" width=\"800\" title=\"HateAid_Logo_dark_BG(1)\" onerror=\"this.style.display='none'\" loading=\"lazy\" \/>\n\t\t\t\t<img decoding=\"async\" src=\"https:\/\/www.adexpartners.com\/wp-content\/uploads\/mybuddy_einfach-zusammen-wachsen_35-0-90-0-N.png\" alt=\"mybuddy_einfach-zusammen-wachsen_35-0-90-0 N\" itemprop=\"image\" height=\"146\" width=\"444\" title=\"mybuddy_einfach-zusammen-wachsen_35-0-90-0 N\" onerror=\"this.style.display='none'\" loading=\"lazy\" \/>\n\t\t\t\t<img decoding=\"async\" src=\"https:\/\/www.adexpartners.com\/wp-content\/uploads\/Logo-Trasparente-Semplice.png\" alt=\"Logo Trasparente Semplice\" itemprop=\"image\" height=\"1890\" width=\"1890\" title=\"Logo Trasparente Semplice\" onerror=\"this.style.display='none'\" loading=\"lazy\" \/>\n\t\t\t\t<img decoding=\"async\" src=\"https:\/\/www.adexpartners.com\/wp-content\/uploads\/FuturoForestal_Logo-Kompakt_Vektor-scaled.png\" alt=\"FuturoForestal_Logo_Compact_Vector\" itemprop=\"image\" height=\"1486\" width=\"2560\" title=\"FuturoForestal_Logo_Compact_Vector\" onerror=\"this.style.display='none'\" loading=\"lazy\" \/>\n<h3>\n\t\t\tDonations\t<\/h3>\n\t<p>Alongside our pro bono consulting, the social sector also needs financial support. As a long-standing corporate partner, we regularly donate to <u><a href=\"https:\/\/eur02.safelinks.protection.outlook.com\/?url=https%3A%2F%2Fwww.childaid.net%2F&amp;data=05%7C02%7Cevelyn.back%40adexpartners.com%7Cece92b7646f543ef10aa08ddce93b0a3%7C67e3ce4b565c4283bfd957bd73f6f901%7C0%7C0%7C638893855925045313%7CUnknown%7CTWFpbGZsb3d8eyJFbXB0eU1hcGkiOnRydWUsIlYiOiIwLjAuMDAwMCIsIlAiOiJXaW4zMiIsIkFOIjoiTWFpbCIsIldUIjoyfQ%3D%3D%7C0%7C%7C%7C&amp;sdata=HQP06b2GYneo7RfJIcpoaLnBp9Y7Zm7HmmyE4%2Fi6ouQ%3D&amp;reserved=0\" target=\"_blank\" rel=\"noopener\">Childaid Network<\/a><\/u>\u00a0and <u><a href=\"https:\/\/eur02.safelinks.protection.outlook.com\/?url=https%3A%2F%2Fwww.tafel.de%2F&amp;data=05%7C02%7Cevelyn.back%40adexpartners.com%7Cece92b7646f543ef10aa08ddce93b0a3%7C67e3ce4b565c4283bfd957bd73f6f901%7C0%7C0%7C638893855925059457%7CUnknown%7CTWFpbGZsb3d8eyJFbXB0eU1hcGkiOnRydWUsIlYiOiIwLjAuMDAwMCIsIlAiOiJXaW4zMiIsIkFOIjoiTWFpbCIsIldUIjoyfQ%3D%3D%7C0%7C%7C%7C&amp;sdata=nwfLn4WDl0l8fRs4d%2FFmJ8%2BESCo3avLZDTv0rmNfrNo%3D&amp;reserved=0\" target=\"_blank\" rel=\"noopener\">Tafel Deutschland e.V.<\/a><\/u>.<\/p>\n<p>Beyond that, we regularly conduct fundraising campaigns: In the <strong>AdExGo! Challenge<\/strong> we collectively circled the globe this year, covering 64,103 km (160% of our goal) in 3 months to raise funds for charitable causes.<\/p>\n\t\t\t\t<?xml version=\"1.0\" encoding=\"UTF-8\"?>\t\t\t\n\t<h6>People<\/h6>\n<h1>Teamwork at AdEx Partners<\/h1>\n\t\t\t\t<img decoding=\"async\" src=\"https:\/\/www.adexpartners.com\/wp-content\/uploads\/Geschenke1.jpg\" alt=\"Gifts1\" itemprop=\"image\" height=\"1656\" width=\"1134\" title=\"Gifts1\" onerror=\"this.style.display='none'\" loading=\"lazy\" \/>\n\t<h4><strong>Skilled Volunteering as Win-win-win<\/strong><\/h4>\n<p>As Trusted Leaders, we have a significant leverage effect when we offer our expertise to non-profit organizations and social institutions free of charge. These organizations are passionately committed to their causes but often cannot afford top-notch consulting. Our pro bono consulting benefits not only the organizations and their target groups but also our colleagues, who can engage meaningfully and gain inspiring insights.<\/p>\n<h4><strong>Successful Together<\/strong><\/h4>\n<p>Beratung ist ein &#8222;People Business&#8220; und unser Team der wichtigste Erfolgsfaktor \u00fcberhaupt. Bei AdEx Partners sind wir stolz auf unsere Mitmachkultur, in der sich alle einbringen k\u00f6nnen &#8211; getragen von Respekt, Teamwork und Vertrauen.<\/p>\n<p><strong>Learn more about AdEx Partners an an employer.<\/strong><\/p>\n\t\t\t<a href=\"https:\/\/www.adexpartners.com\/en\/career\/\" target=\"_blank\" rel=\"noopener\">\n\t\t\t\t\t\t\tGo to our Career Opportunities\n\t\t\t\t\t<\/a>\n\t<h6>Planet<\/h6>\n<h2>Climate Protection and Responsibility: Sustainable Together<\/h2>\n<p>Climate change, loss of biodiversity and resource depletion are among the greatest challenges of our time. As a consulting company, we shape the future of businesses. That\u2018s why at AdEx Partners, we also take responsibility for a more sustainable future for our planet. We are committed to continuously reducing our ecological footprint \u2013 honestly, transparently and with a clear goal in mind.<\/p>\n\t\t\t\t<?xml version=\"1.0\" encoding=\"UTF-8\"?>\t\t\t\t\t\t\t<?xml version=\"1.0\" encoding=\"UTF-8\"?>\t\t\t\t\t\t\t<?xml version=\"1.0\" encoding=\"UTF-8\"?>\t\t\t\n\t<h3>Wir messen&#8230;<\/h3>\n<p>our impact through our annual reporting and the EcoVadis Rating: This way, we always know where we stand in relation to our ambitious goals and define further actions to become even more environmentally friendly.<\/p>\n\t\t\t\t<?xml version=\"1.0\" encoding=\"UTF-8\"?>\t\t\t\t\t\t\t<?xml version=\"1.0\" encoding=\"UTF-8\"?>\t\t\t\t\t\t\t<?xml version=\"1.0\" encoding=\"UTF-8\"?>\t\t\t\n\t<h3>Wir vermeiden&#8230;<\/h3>\n<p>CO\u2082e by increasing virtual collaboration to reduce travel. As digitalization experts, we leverage our knowledge to lower emissions. Naturally, we also use green energy in our offices.<\/p>\n\t\t\t\t<?xml version=\"1.0\" encoding=\"UTF-8\"?>\t\t\t\t\t\t\t<?xml version=\"1.0\" encoding=\"UTF-8\"?>\t\t\t\t\t\t\t<?xml version=\"1.0\" encoding=\"UTF-8\"?>\t\t\t\n\t<h3>Wir reduzieren&#8230;<\/h3>\n<p>CO\u2082e through efficient travel planning by taking more trains and flying less, offering bike leasing, promoting paperless offices and recycling whenever possible. We also donate older hardware to extend the life cycles of laptops.<\/p>\n\t\t\t\t<?xml version=\"1.0\" encoding=\"UTF-8\"?>\t\t\t\t\t\t\t<?xml version=\"1.0\" encoding=\"UTF-8\"?>\t\t\t\t\t\t\t<?xml version=\"1.0\" encoding=\"UTF-8\"?>\t\t\t\t\t\t\t<?xml version=\"1.0\" encoding=\"UTF-8\"?>\t\t\t\t\t\t\t<?xml version=\"1.0\" encoding=\"UTF-8\"?>\t\t\t\t\t\t\t<?xml version=\"1.0\" encoding=\"UTF-8\"?>\t\t\t\n\t<h6>ESG and CSRD also for you?<\/h6>\n<h2>We are happy to support you in this area.<\/h2>\n<p>Because at AdEx Partners, we are experts in ESG Data Management and CSRD Project Management.<\/p>\n<p><strong>Just get in touch with us.<\/strong><\/p>\n\t\t\t<a href=\"mailto:joscha.markowz@adexpartners.com?subject=Corporate%20Responsibility\" target=\"_blank\" rel=\"noopener\">\n\t\t\t\t\t\tContact\n\t\t\t\t\t<\/a>\n                        \n                            Joscha Markowz                        \n                                                    <p>Senior Consultant<\/p>\n                                                            <a target=\"_blank\" href=\"mailto:joscha.markowz@adexpartners.com\"><\/a>\n                                                            <a target=\"_blank\" href=\"https:\/\/www.linkedin.com\/in\/joscha-markowz-39641a139\/\"><\/a>\n                        \n                            Timo Str\u00f6bel                        \n                                                    <p>Partner<\/p>\n                                                            <a target=\"_blank\" href=\"mailto:timo.stroebel@adexpartners.com\"><\/a>\n                                                            <a target=\"_blank\" href=\"https:\/\/www.linkedin.com\/in\/timo-stroebel\/\"><\/a>","protected":false},"excerpt":{"rendered":"<p>Gemeinsam stark: Unsere Verantwortung f\u00fcr eine bessere Zukunft Corporate Responsibility &amp; ESG Wir bei AdEx Partners setzen uns ein f\u00fcr eine inklusivere, nachhaltigere und menschenfreundliche digitale Welt. Auf dieser Seite erfahren Sie mehr \u00fcber unser Engagement f\u00fcr Corporate Responsibility und ESG. ESG Reporting Purpose People Planet + Unser Engagement f\u00fcr Corporate Responsibility und ESG Purpose. [&hellip;]<\/p>\n","protected":false},"author":1,"featured_media":3055,"parent":20,"menu_order":0,"comment_status":"closed","ping_status":"closed","template":"","meta":{"_acf_changed":false,"footnotes":""},"class_list":["post-447","page","type-page","status-publish","has-post-thumbnail","hentry"],"blocksy_meta":[],"acf":[],"_links":{"self":[{"href":"https:\/\/www.adexpartners.com\/en\/wp-json\/wp\/v2\/pages\/447","targetHints":{"allow":["GET"]}}],"collection":[{"href":"https:\/\/www.adexpartners.com\/en\/wp-json\/wp\/v2\/pages"}],"about":[{"href":"https:\/\/www.adexpartners.com\/en\/wp-json\/wp\/v2\/types\/page"}],"author":[{"embeddable":true,"href":"https:\/\/www.adexpartners.com\/en\/wp-json\/wp\/v2\/users\/1"}],"replies":[{"embeddable":true,"href":"https:\/\/www.adexpartners.com\/en\/wp-json\/wp\/v2\/comments?post=447"}],"version-history":[{"count":16,"href":"https:\/\/www.adexpartners.com\/en\/wp-json\/wp\/v2\/pages\/447\/revisions"}],"predecessor-version":[{"id":6306,"href":"https:\/\/www.adexpartners.com\/en\/wp-json\/wp\/v2\/pages\/447\/revisions\/6306"}],"up":[{"embeddable":true,"href":"https:\/\/www.adexpartners.com\/en\/wp-json\/wp\/v2\/pages\/20"}],"wp:featuredmedia":[{"embeddable":true,"href":"https:\/\/www.adexpartners.com\/en\/wp-json\/wp\/v2\/media\/3055"}],"wp:attachment":[{"href":"https:\/\/www.adexpartners.com\/en\/wp-json\/wp\/v2\/media?parent=447"}],"curies":[{"name":"wp","href":"https:\/\/api.w.org\/{rel}","templated":true}]}}